{"id":25,"date":"2014-03-22T23:32:16","date_gmt":"2014-03-22T22:32:16","guid":{"rendered":"http:\/\/rk1.de\/?page_id=25"},"modified":"2026-01-07T19:37:39","modified_gmt":"2026-01-07T18:37:39","slug":"impressum","status":"publish","type":"page","link":"https:\/\/rk1.de\/?page_id=25","title":{"rendered":"Impressum \/ Datenschutz"},"content":{"rendered":"<h2 data-start=\"346\" data-end=\"358\">Impressum<\/h2>\n<p data-start=\"360\" data-end=\"411\"><strong data-start=\"360\" data-end=\"411\">Angaben gem\u00e4\u00df \u00a7 5 Digitale-Dienste-Gesetz (DDG)<\/strong><\/p>\n<p data-start=\"413\" data-end=\"480\">Robert Kohne<br data-start=\"425\" data-end=\"428\" \/>Willersh\u00e4user Str. 16<br data-start=\"449\" data-end=\"452\" \/>37589 Kalefeld<br data-start=\"466\" data-end=\"469\" \/>Deutschland<\/p>\n<p data-start=\"482\" data-end=\"543\"><strong data-start=\"482\" data-end=\"493\">Kontakt<\/strong><br data-start=\"493\" data-end=\"496\" \/>Telefon: +49 170 5774022<br data-start=\"520\" data-end=\"523\" \/>E-Mail: <a class=\"decorated-link cursor-pointer\" rel=\"noopener\" data-start=\"531\" data-end=\"543\">kohne@rk1.de<\/a><\/p>\n<p data-start=\"545\" data-end=\"579\"><strong data-start=\"545\" data-end=\"559\">Rechtsform<\/strong><br data-start=\"559\" data-end=\"562\" \/>Einzelunternehmen<\/p>\n<hr data-start=\"581\" data-end=\"584\" \/>\n<h2 data-start=\"586\" data-end=\"608\">Haftung f\u00fcr Inhalte<\/h2>\n<p data-start=\"610\" data-end=\"966\">Als Diensteanbieter bin ich gem\u00e4\u00df \u00a7 7 Abs. 1 DDG f\u00fcr eigene Inhalte auf diesen Seiten nach den allgemeinen Gesetzen verantwortlich.<br data-start=\"741\" data-end=\"744\" \/>Nach \u00a7\u00a7 8 bis 10 DDG bin ich als Diensteanbieter jedoch nicht verpflichtet, \u00fcbermittelte oder gespeicherte fremde Informationen zu \u00fcberwachen oder nach Umst\u00e4nden zu forschen, die auf eine rechtswidrige T\u00e4tigkeit hinweisen.<\/p>\n<p data-start=\"968\" data-end=\"1292\">Verpflichtungen zur Entfernung oder Sperrung der Nutzung von Informationen nach den allgemeinen Gesetzen bleiben hiervon unber\u00fchrt. Eine Haftung ist jedoch erst ab dem Zeitpunkt der Kenntnis einer konkreten Rechtsverletzung m\u00f6glich. Bei Bekanntwerden entsprechender Rechtsverletzungen werden diese Inhalte umgehend entfernt.<\/p>\n<hr data-start=\"1294\" data-end=\"1297\" \/>\n<h2 data-start=\"1299\" data-end=\"1319\">Haftung f\u00fcr Links<\/h2>\n<p data-start=\"1321\" data-end=\"1523\">Diese Website enth\u00e4lt Links zu externen Websites Dritter, auf deren Inhalte kein Einfluss besteht.<br data-start=\"1419\" data-end=\"1422\" \/>F\u00fcr die Inhalte der verlinkten Seiten ist stets der jeweilige Anbieter oder Betreiber verantwortlich.<\/p>\n<p data-start=\"1525\" data-end=\"1801\">Zum Zeitpunkt der Verlinkung waren keine rechtswidrigen Inhalte erkennbar. Eine permanente Kontrolle der verlinkten Seiten ist ohne konkrete Anhaltspunkte einer Rechtsverletzung nicht zumutbar. Bei Bekanntwerden von Rechtsverletzungen werden derartige Links umgehend entfernt.<\/p>\n<hr data-start=\"1803\" data-end=\"1806\" \/>\n<h2 data-start=\"1808\" data-end=\"1823\">Urheberrecht<\/h2>\n<p data-start=\"1825\" data-end=\"2115\">Die durch den Seitenbetreiber erstellten Inhalte und Werke auf dieser Website unterliegen dem deutschen Urheberrecht.<br data-start=\"1942\" data-end=\"1945\" \/>Vervielf\u00e4ltigung, Bearbeitung, Verbreitung oder Verwertung au\u00dferhalb der Grenzen des Urheberrechts bed\u00fcrfen der vorherigen schriftlichen Zustimmung des jeweiligen Autors.<\/p>\n<hr data-start=\"2117\" data-end=\"2120\" \/>\n<h1 data-start=\"2122\" data-end=\"2144\">Datenschutzerkl\u00e4rung<\/h1>\n<h2 data-start=\"2146\" data-end=\"2171\">1. Allgemeine Hinweise<\/h2>\n<p data-start=\"2173\" data-end=\"2435\">Der Schutz deiner pers\u00f6nlichen Daten ist mir wichtig. Personenbezogene Daten werden auf dieser Website ausschlie\u00dflich im Rahmen der gesetzlichen Bestimmungen der Datenschutz-Grundverordnung (DSGVO) und der einschl\u00e4gigen nationalen Datenschutzgesetze verarbeitet.<\/p>\n<p data-start=\"2437\" data-end=\"2562\">Diese Datenschutzerkl\u00e4rung informiert dar\u00fcber, welche Daten erhoben werden, zu welchem Zweck und auf welcher Rechtsgrundlage.<\/p>\n<p data-start=\"2564\" data-end=\"2682\"><strong data-start=\"2564\" data-end=\"2603\">Verantwortlicher im Sinne der DSGVO<\/strong><br data-start=\"2603\" data-end=\"2606\" \/>Robert Kohne<br data-start=\"2618\" data-end=\"2621\" \/>Willersh\u00e4user Str. 16<br data-start=\"2642\" data-end=\"2645\" \/>37589 Kalefeld<br data-start=\"2659\" data-end=\"2662\" \/>E-Mail: <a class=\"decorated-link cursor-pointer\" rel=\"noopener\" data-start=\"2670\" data-end=\"2682\">kohne@rk1.de<\/a><\/p>\n<hr data-start=\"2684\" data-end=\"2687\" \/>\n<h2 data-start=\"2689\" data-end=\"2726\">2. Zugriffsdaten \/ Server-Logfiles<\/h2>\n<p data-start=\"2728\" data-end=\"2894\">Beim Besuch dieser Website werden durch den Hosting-Provider automatisch Informationen in sogenannten Server-Logfiles erhoben und gespeichert. Dies sind insbesondere:<\/p>\n<p data-start=\"2898\" data-end=\"2915\">&#8211; besuchte Seiten<br \/>\n&#8211; Datum und Uhrzeit des Zugriffs<br \/>\n&#8211; Browsertyp und -version<br \/>\n&#8211; verwendetes Betriebssystem<br \/>\n&#8211; Referrer-URL<br \/>\n&#8211; IP-Adresse (gek\u00fcrzt bzw. anonymisiert)<\/p>\n<p data-start=\"3069\" data-end=\"3187\"><strong data-start=\"3069\" data-end=\"3096\">Zweck der Verarbeitung:<\/strong><br data-start=\"3096\" data-end=\"3099\" \/>Sicherstellung eines st\u00f6rungsfreien Betriebs der Website sowie technische Fehleranalyse.<\/p>\n<p data-start=\"3189\" data-end=\"3264\"><strong data-start=\"3189\" data-end=\"3209\">Rechtsgrundlage:<\/strong><br data-start=\"3209\" data-end=\"3212\" \/>Art. 6 Abs. 1 lit. f DSGVO (berechtigtes Interesse).<\/p>\n<p data-start=\"3266\" data-end=\"3372\">Die Daten werden nicht mit anderen Datenquellen zusammengef\u00fchrt und nach kurzer Zeit automatisch gel\u00f6scht.<\/p>\n<hr data-start=\"3374\" data-end=\"3377\" \/>\n<h2 data-start=\"3379\" data-end=\"3392\">3. Cookies<\/h2>\n<p data-start=\"3394\" data-end=\"3515\">Diese Website verwendet <strong data-start=\"3418\" data-end=\"3465\">ausschlie\u00dflich technisch notwendige Cookies<\/strong>, die f\u00fcr den Betrieb der Seite erforderlich sind.<\/p>\n<p data-start=\"3519\" data-end=\"3593\">&#8211; Es werden <strong data-start=\"3529\" data-end=\"3581\">keine Tracking-, Analyse- oder Marketing-Cookies<\/strong> eingesetzt.<br \/>\n&#8211; Es findet <strong data-start=\"3606\" data-end=\"3632\">keine Nutzerverfolgung<\/strong> statt.<\/p>\n<p data-start=\"3641\" data-end=\"3762\"><strong data-start=\"3641\" data-end=\"3661\">Rechtsgrundlage:<\/strong><br data-start=\"3661\" data-end=\"3664\" \/>Art. 6 Abs. 1 lit. f DSGVO (berechtigtes Interesse an der technischen Bereitstellung der Website).<br \/>\nEin Cookie-Consent-Banner ist daher <strong data-start=\"3800\" data-end=\"3822\">nicht erforderlich<\/strong>.<\/p>\n<hr data-start=\"3825\" data-end=\"3828\" \/>\n<h2 data-start=\"3830\" data-end=\"3863\">4. Analyse- und Tracking-Tools<\/h2>\n<p data-start=\"3865\" data-end=\"3945\">Diese Website verwendet <strong data-start=\"3889\" data-end=\"3927\">keine Analyse- oder Tracking-Tools<\/strong> wie insbesondere:<\/p>\n<p data-start=\"3949\" data-end=\"3967\">&#8211; Google Analytics<br \/>\n&#8211; Google Tag Manager<br \/>\n&#8211; Facebook Pixel<br \/>\n&#8211; vergleichbare Dienste<\/p>\n<p data-start=\"4035\" data-end=\"4172\">Es werden <strong data-start=\"4045\" data-end=\"4077\">keine Nutzerprofile erstellt<\/strong> und <strong data-start=\"4082\" data-end=\"4171\">keine personenbezogenen Daten zu Analyse- oder Marketingzwecken an Dritte \u00fcbermittelt<\/strong>.<\/p>\n<hr data-start=\"4174\" data-end=\"4177\" \/>\n<h2 data-start=\"4179\" data-end=\"4200\">5. Kontaktaufnahme<\/h2>\n<p data-start=\"4202\" data-end=\"4377\">Wenn du mich per E-Mail kontaktierst, werden die von dir \u00fcbermittelten Daten (z. B. Name, E-Mail-Adresse, Nachricht) ausschlie\u00dflich zur Bearbeitung deiner Anfrage verarbeitet.<\/p>\n<p data-start=\"4379\" data-end=\"4537\"><strong data-start=\"4379\" data-end=\"4399\">Rechtsgrundlage:<\/strong><br data-start=\"4399\" data-end=\"4402\" \/>Art. 6 Abs. 1 lit. b DSGVO (vorvertragliche Ma\u00dfnahmen) oder<br data-start=\"4461\" data-end=\"4464\" \/>Art. 6 Abs. 1 lit. f DSGVO (berechtigtes Interesse an der Kommunikation).<\/p>\n<p data-start=\"4539\" data-end=\"4637\">Die Daten werden gel\u00f6scht, sobald sie f\u00fcr den Zweck der Verarbeitung nicht mehr erforderlich sind.<\/p>\n<hr data-start=\"4639\" data-end=\"4642\" \/>\n<h2 data-start=\"4644\" data-end=\"4681\">6. Rechte der betroffenen Personen<\/h2>\n<p data-start=\"4683\" data-end=\"4711\">Du hast jederzeit das Recht:<\/p>\n<p data-start=\"4715\" data-end=\"4776\">&#8211; auf Auskunft \u00fcber deine gespeicherten Daten (Art. 15 DSGVO)<br \/>\n&#8211; auf Berichtigung unrichtiger Daten (Art. 16 DSGVO)<br \/>\n&#8211; auf L\u00f6schung deiner Daten (Art. 17 DSGVO)<br \/>\n&#8211; auf Einschr\u00e4nkung der Verarbeitung (Art. 18 DSGVO)<br \/>\n&#8211; auf Widerspruch gegen die Verarbeitung (Art. 21 DSGVO)<br \/>\n&#8211; auf Daten\u00fcbertragbarkeit (Art. 20 DSGVO)<\/p>\n<p data-start=\"5036\" data-end=\"5086\">Hierzu gen\u00fcgt eine formlose Mitteilung per E-Mail.<\/p>\n<hr data-start=\"5088\" data-end=\"5091\" \/>\n<h2 data-start=\"5093\" data-end=\"5114\">7. Beschwerderecht<\/h2>\n<p data-start=\"5116\" data-end=\"5309\">Du hast das Recht, dich bei einer zust\u00e4ndigen Datenschutzaufsichtsbeh\u00f6rde zu beschweren, wenn du der Ansicht bist, dass die Verarbeitung deiner personenbezogenen Daten gegen die DSGVO verst\u00f6\u00dft.<\/p>\n<hr data-start=\"5311\" data-end=\"5314\" \/>\n<h2 data-start=\"5316\" data-end=\"5346\">8. SSL-\/TLS-Verschl\u00fcsselung<\/h2>\n<p data-start=\"5348\" data-end=\"5516\">Diese Website nutzt aus Sicherheitsgr\u00fcnden eine SSL- bzw. TLS-Verschl\u00fcsselung.<br data-start=\"5426\" data-end=\"5429\" \/>Daten, die du an mich \u00fcbermittelst, k\u00f6nnen dadurch nicht von Dritten mitgelesen werden.<\/p>\n<p data-start=\"5348\" data-end=\"5516\">\n<p data-start=\"5348\" data-end=\"5516\">\n","protected":false},"excerpt":{"rendered":"<p>Impressum Angaben gem\u00e4\u00df \u00a7 5 Digitale-Dienste-Gesetz (DDG) Robert KohneWillersh\u00e4user Str. 1637589 KalefeldDeutschland KontaktTelefon: +49 170 5774022E-Mail: kohne@rk1.de RechtsformEinzelunternehmen Haftung f\u00fcr Inhalte Als Diensteanbieter bin ich<\/p>\n","protected":false},"author":1,"featured_media":0,"parent":0,"menu_order":0,"comment_status":"closed","ping_status":"open","template":"","meta":{"footnotes":""},"class_list":["post-25","page","type-page","status-publish","hentry","three-columns"],"wps_subtitle":"","_links":{"self":[{"href":"https:\/\/rk1.de\/index.php?rest_route=\/wp\/v2\/pages\/25","targetHints":{"allow":["GET"]}}],"collection":[{"href":"https:\/\/rk1.de\/index.php?rest_route=\/wp\/v2\/pages"}],"about":[{"href":"https:\/\/rk1.de\/index.php?rest_route=\/wp\/v2\/types\/page"}],"author":[{"embeddable":true,"href":"https:\/\/rk1.de\/index.php?rest_route=\/wp\/v2\/users\/1"}],"replies":[{"embeddable":true,"href":"https:\/\/rk1.de\/index.php?rest_route=%2Fwp%2Fv2%2Fcomments&post=25"}],"version-history":[{"count":22,"href":"https:\/\/rk1.de\/index.php?rest_route=\/wp\/v2\/pages\/25\/revisions"}],"predecessor-version":[{"id":576,"href":"https:\/\/rk1.de\/index.php?rest_route=\/wp\/v2\/pages\/25\/revisions\/576"}],"wp:attachment":[{"href":"https:\/\/rk1.de\/index.php?rest_route=%2Fwp%2Fv2%2Fmedia&parent=25"}],"curies":[{"name":"wp","href":"https:\/\/api.w.org\/{rel}","templated":true}]}}